{"id":153,"date":"2018-06-13T22:23:41","date_gmt":"2018-06-13T22:23:41","guid":{"rendered":"http:\/\/vallancon.com\/?page_id=153"},"modified":"2020-07-02T18:36:16","modified_gmt":"2020-07-02T18:36:16","slug":"plm-catalogue","status":"publish","type":"page","link":"http:\/\/vallancon.com\/fr\/plm-catalogue\/","title":{"rendered":"PLM &#8211; catalog"},"content":{"rendered":"<p>[et_pb_section fb_built=&#8221;1&#8243; fullwidth=&#8221;on&#8221; _builder_version=&#8221;3.6&#8243; background_color=&#8221;rgba(224,43,32,0)&#8221; background_color_gradient_direction=&#8221;330deg&#8221;][et_pb_fullwidth_header title=&#8221;PLM Catalog&#8221; subhead=&#8221;PLM sells upholstery fabric for communities.&#8221; _builder_version=&#8221;3.9&#8243; title_font=&#8221;||||||||&#8221; background_color=&#8221;#f2993a&#8221; background_size=&#8221;initial&#8221; background_position=&#8221;top_left&#8221; background_repeat=&#8221;repeat&#8221; max_width_tablet=&#8221;50px&#8221; custom_margin=&#8221;-30px||-30px|&#8221; custom_margin_last_edited=&#8221;on|desktop&#8221;]&nbsp;<br \/>\n[\/et_pb_fullwidth_header][\/et_pb_section][et_pb_section fb_built=&#8221;1&#8243; _builder_version=&#8221;3.0.47&#8243;][et_pb_row _builder_version=&#8221;3.0.48&#8243; background_size=&#8221;initial&#8221; background_position=&#8221;top_left&#8221; background_repeat=&#8221;repeat&#8221;][et_pb_column type=&#8221;4_4&#8243; _builder_version=&#8221;3.0.47&#8243; parallax=&#8221;off&#8221; parallax_method=&#8221;on&#8221;][et_pb_gallery gallery_ids=&#8221;159,172,173,174,455&#8243; fullwidth=&#8221;on&#8221; hover_icon=&#8221;%%51%%&#8221; _builder_version=&#8221;3.6&#8243; auto=&#8221;on&#8221;][\/et_pb_gallery][\/et_pb_column][\/et_pb_row][et_pb_row _builder_version=&#8221;3.6&#8243; module_alignment=&#8221;center&#8221;][et_pb_column type=&#8221;1_3&#8243; _builder_version=&#8221;3.0.47&#8243; parallax=&#8221;off&#8221; parallax_method=&#8221;on&#8221;][et_pb_image src=&#8221;http:\/\/vallancon.com\/wp-content\/uploads\/2018\/06\/Logo_PLM.png&#8221; url=&#8221;http:\/\/www.plm-amenagement.fr&#8221; url_new_window=&#8221;on&#8221; show_bottom_space=&#8221;off&#8221; force_fullwidth=&#8221;on&#8221; _builder_version=&#8221;3.6&#8243; animation_style=&#8221;fade&#8221;][\/et_pb_image][\/et_pb_column][et_pb_column type=&#8221;2_3&#8243; _builder_version=&#8221;3.0.47&#8243; parallax=&#8221;off&#8221; parallax_method=&#8221;on&#8221;][et_pb_text _builder_version=&#8221;3.6&#8243;]<\/p>\n<h4>PRESENTATION<\/h4>\n<p><span>J'ai travaill\u00e9 dans une agence de communication (ARTEA Communication). Nous avons r\u00e9alis\u00e9 le de design du catalogue des produits PLM. <g class=\"gr_ gr_12 gr-alert gr_spell gr_inline_cards gr_disable_anim_appear ContextualSpelling multiReplace\" id=\"12\" data-gr-id=\"12\">catalogue<\/g> de produits PLM.\u00a0<\/span><\/p>\n<h4>MON R\u00d4LE<\/h4>\n<p>Suivi de cr\u00e9ation et de r\u00e9alisation d'un <g class=\"gr_ gr_11 gr-alert gr_spell gr_inline_cards gr_disable_anim_appear ContextualSpelling multiReplace\" id=\"11\" data-gr-id=\"11\">catalogue<\/g> de produits PLM. J'\u00e9coutais les besoins et les pr\u00e9sentaient \u00e0 notre \u00e9quipe cr\u00e9ative. Cette \u00e9quipe faisait des plusieurs propositions graphiques que je pr\u00e9sentais au client.<br \/>J'\u00e9changeais avec les responsables de la soci\u00e9t\u00e9 pour conduire le projet. Je <g class=\"gr_ gr_26 gr-alert gr_gramm gr_inline_cards gr_disable_anim_appear Punctuation only-del replaceWithoutSep\" id=\"26\" data-gr-id=\"26\">proposais,<\/g> ou adaptais les textes, les titres.<br \/>Je menais \u00e0 bien le projet jusqu'\u00e0 l'impression de la brochure.<\/p>\n<h4>INFOS<\/h4>\n<p>Every 2 years, we renew the <g class=\"gr_ gr_92 gr-alert gr_spell gr_inline_cards gr_disable_anim_appear ContextualSpelling multiReplace\" id=\"92\" data-gr-id=\"92\">catalogue<\/g><\/p>\n<p>&nbsp;<\/p>\n<p>&nbsp;<\/p>\n<p>[\/et_pb_text][\/et_pb_column][\/et_pb_row][\/et_pb_section]<\/p>","protected":false},"excerpt":{"rendered":"<p>&nbsp; PRESENTATION When I worked in a communication agency. We worked on design and creation of a catalog of PLM products.\u00a0 MY ROLE Follow-up of design and creation of a catalog of PLM products. I listened to the needs and presented them to our creative team. This team made several graphic proposals that I presented [&hellip;]<\/p>","protected":false},"author":1,"featured_media":0,"parent":0,"menu_order":0,"comment_status":"closed","ping_status":"closed","template":"","meta":{"_et_pb_use_builder":"on","_et_pb_old_content":"","_et_gb_content_width":""},"_links":{"self":[{"href":"http:\/\/vallancon.com\/fr\/wp-json\/wp\/v2\/pages\/153"}],"collection":[{"href":"http:\/\/vallancon.com\/fr\/wp-json\/wp\/v2\/pages"}],"about":[{"href":"http:\/\/vallancon.com\/fr\/wp-json\/wp\/v2\/types\/page"}],"author":[{"embeddable":true,"href":"http:\/\/vallancon.com\/fr\/wp-json\/wp\/v2\/users\/1"}],"replies":[{"embeddable":true,"href":"http:\/\/vallancon.com\/fr\/wp-json\/wp\/v2\/comments?post=153"}],"version-history":[{"count":32,"href":"http:\/\/vallancon.com\/fr\/wp-json\/wp\/v2\/pages\/153\/revisions"}],"predecessor-version":[{"id":774,"href":"http:\/\/vallancon.com\/fr\/wp-json\/wp\/v2\/pages\/153\/revisions\/774"}],"wp:attachment":[{"href":"http:\/\/vallancon.com\/fr\/wp-json\/wp\/v2\/media?parent=153"}],"curies":[{"name":"wp","href":"https:\/\/api.w.org\/{rel}","templated":true}]}}