{"id":371,"date":"2018-06-19T17:16:32","date_gmt":"2018-06-19T17:16:32","guid":{"rendered":"http:\/\/vallancon.com\/?page_id=371"},"modified":"2018-06-30T01:58:58","modified_gmt":"2018-06-30T01:58:58","slug":"archoffice","status":"publish","type":"page","link":"http:\/\/vallancon.com\/fr\/archoffice\/","title":{"rendered":"Arch\u2019Office"},"content":{"rendered":"<p>[et_pb_section fb_built=&#8221;1&#8243; fullwidth=&#8221;on&#8221; _builder_version=&#8221;3.6&#8243; background_color=&#8221;rgba(224,43,32,0)&#8221; background_color_gradient_direction=&#8221;330deg&#8221;][et_pb_fullwidth_header title=&#8221;Arch&#8217;Office &#8211; Generating Space&#8221; subhead=&#8221;ARCH&#8217;Office is a company that offers space solutions for businesses.&#8221; _builder_version=&#8221;3.6&#8243; background_color=&#8221;rgba(224,43,32,0.8)&#8221; background_size=&#8221;initial&#8221; background_position=&#8221;top_left&#8221; background_repeat=&#8221;repeat&#8221; max_width_tablet=&#8221;50px&#8221; custom_margin=&#8221;-30px||-30px|&#8221; custom_margin_last_edited=&#8221;on|desktop&#8221;][\/et_pb_fullwidth_header][\/et_pb_section][et_pb_section fb_built=&#8221;1&#8243; _builder_version=&#8221;3.0.47&#8243;][et_pb_row _builder_version=&#8221;3.0.48&#8243; background_size=&#8221;initial&#8221; background_position=&#8221;top_left&#8221; background_repeat=&#8221;repeat&#8221;][et_pb_column type=&#8221;4_4&#8243; _builder_version=&#8221;3.0.47&#8243; parallax=&#8221;off&#8221; parallax_method=&#8221;on&#8221;][et_pb_gallery gallery_ids=&#8221;374,375&#8243; fullwidth=&#8221;on&#8221; hover_icon=&#8221;%%51%%&#8221; _builder_version=&#8221;3.6&#8243; auto=&#8221;on&#8221;][\/et_pb_gallery][\/et_pb_column][\/et_pb_row][et_pb_row _builder_version=&#8221;3.6&#8243; module_alignment=&#8221;center&#8221;][et_pb_column type=&#8221;1_3&#8243; _builder_version=&#8221;3.0.47&#8243; parallax=&#8221;off&#8221; parallax_method=&#8221;on&#8221;][et_pb_image src=&#8221;http:\/\/vallancon.com\/wp-content\/uploads\/2018\/06\/logo-archoffice-with_baseline.jpg&#8221; show_bottom_space=&#8221;off&#8221; force_fullwidth=&#8221;on&#8221; _builder_version=&#8221;3.6&#8243; animation_style=&#8221;fade&#8221;][\/et_pb_image][\/et_pb_column][et_pb_column type=&#8221;2_3&#8243; _builder_version=&#8221;3.0.47&#8243; parallax=&#8221;off&#8221; parallax_method=&#8221;on&#8221;][et_pb_text _builder_version=&#8221;3.6&#8243;]<\/p>\n<h4>PRESENTATION<\/h4>\n<p>ARCH&#8217;Office wanted one of their business presentation document to do a mailing to its prospects.<\/p>\n<h4>MON R\u00d4LE<\/h4>\n<p>Imaginer une plaquette de pr\u00e9sentation originale pour expliquer leurs m\u00e9tiers.<br \/>Echanger avec le client et notre graphiste pour conduire le projet jusqu'\u00e0 l'impression du document.<\/p>\n<h4>INFOS<\/h4>\n<p>Notre agence avait r\u00e9alis\u00e9 l'ensemble de la charte graphique 2 ann\u00e9es plus t\u00f4t.<\/p>\n<p>[\/et_pb_text][\/et_pb_column][\/et_pb_row][\/et_pb_section]<\/p>","protected":false},"excerpt":{"rendered":"<p>PRESENTATION ARCH&#8217;Office wanted one of their business presentation document to do a mailing to its prospects. MY ROLE Imagine an original presentation booklet to explain their trades.Exchange with the client and our graphic designer to conduct the project until the document is printed. INFOS My agency had realized the entire graphic charter in previous years.<\/p>","protected":false},"author":1,"featured_media":0,"parent":0,"menu_order":0,"comment_status":"closed","ping_status":"closed","template":"","meta":{"_et_pb_use_builder":"on","_et_pb_old_content":"","_et_gb_content_width":""},"_links":{"self":[{"href":"http:\/\/vallancon.com\/fr\/wp-json\/wp\/v2\/pages\/371"}],"collection":[{"href":"http:\/\/vallancon.com\/fr\/wp-json\/wp\/v2\/pages"}],"about":[{"href":"http:\/\/vallancon.com\/fr\/wp-json\/wp\/v2\/types\/page"}],"author":[{"embeddable":true,"href":"http:\/\/vallancon.com\/fr\/wp-json\/wp\/v2\/users\/1"}],"replies":[{"embeddable":true,"href":"http:\/\/vallancon.com\/fr\/wp-json\/wp\/v2\/comments?post=371"}],"version-history":[{"count":4,"href":"http:\/\/vallancon.com\/fr\/wp-json\/wp\/v2\/pages\/371\/revisions"}],"predecessor-version":[{"id":596,"href":"http:\/\/vallancon.com\/fr\/wp-json\/wp\/v2\/pages\/371\/revisions\/596"}],"wp:attachment":[{"href":"http:\/\/vallancon.com\/fr\/wp-json\/wp\/v2\/media?parent=371"}],"curies":[{"name":"wp","href":"https:\/\/api.w.org\/{rel}","templated":true}]}}