{"id":400,"date":"2018-06-19T21:58:47","date_gmt":"2018-06-19T21:58:47","guid":{"rendered":"http:\/\/vallancon.com\/?page_id=400"},"modified":"2018-07-03T00:51:28","modified_gmt":"2018-07-03T00:51:28","slug":"artea-communication","status":"publish","type":"page","link":"http:\/\/vallancon.com\/fr\/artea-communication\/","title":{"rendered":"Artea Communication"},"content":{"rendered":"<p>[et_pb_section fb_built=&#8221;1&#8243; fullwidth=&#8221;on&#8221; _builder_version=&#8221;3.6&#8243; background_color=&#8221;rgba(224,43,32,0)&#8221; background_color_gradient_direction=&#8221;330deg&#8221;][et_pb_fullwidth_header title=&#8221;ARTEA Communication&#8221; subhead=&#8221;Communication agency in Paris&#8221; _builder_version=&#8221;3.6&#8243; title_font=&#8221;||||||||&#8221; background_color=&#8221;rgba(224,43,32,0.8)&#8221; background_size=&#8221;initial&#8221; background_position=&#8221;top_left&#8221; background_repeat=&#8221;repeat&#8221; max_width_tablet=&#8221;50px&#8221; custom_margin=&#8221;-30px||-30px|&#8221; custom_margin_last_edited=&#8221;on|desktop&#8221;][\/et_pb_fullwidth_header][\/et_pb_section][et_pb_section fb_built=&#8221;1&#8243; _builder_version=&#8221;3.0.47&#8243;][et_pb_row _builder_version=&#8221;3.0.48&#8243; background_size=&#8221;initial&#8221; background_position=&#8221;top_left&#8221; background_repeat=&#8221;repeat&#8221;][et_pb_column type=&#8221;4_4&#8243; _builder_version=&#8221;3.0.47&#8243; parallax=&#8221;off&#8221; parallax_method=&#8221;on&#8221;][et_pb_gallery gallery_ids=&#8221;569,565,566,567,568,406&#8243; fullwidth=&#8221;on&#8221; hover_icon=&#8221;%%51%%&#8221; _builder_version=&#8221;3.6&#8243; auto=&#8221;on&#8221;][\/et_pb_gallery][\/et_pb_column][\/et_pb_row][et_pb_row _builder_version=&#8221;3.6&#8243; module_alignment=&#8221;center&#8221;][et_pb_column type=&#8221;1_3&#8243; _builder_version=&#8221;3.0.47&#8243; parallax=&#8221;off&#8221; parallax_method=&#8221;on&#8221;][et_pb_image src=&#8221;http:\/\/vallancon.com\/wp-content\/uploads\/2018\/06\/Artea_Couleurs-1.jpg&#8221; show_bottom_space=&#8221;off&#8221; force_fullwidth=&#8221;on&#8221; _builder_version=&#8221;3.6&#8243; animation_style=&#8221;fade&#8221;][\/et_pb_image][\/et_pb_column][et_pb_column type=&#8221;2_3&#8243; _builder_version=&#8221;3.0.47&#8243; parallax=&#8221;off&#8221; parallax_method=&#8221;on&#8221;][et_pb_text _builder_version=&#8221;3.6&#8243;]<\/p>\n<h4>PRESENTATION<\/h4>\n<p>I worked for 5 years as project manager for this communication agency. So I&#8217;m talking about only one project in particular: the organization of several book fairs.<\/p>\n<h4>MON R\u00d4LE<\/h4>\n<p>R\u00e9alisation d'un fichier CRM (Filemaker) afin de g\u00e9rer les invitations des auteurs pour les diff\u00e9rents salons, mais aussi la pr\u00e9sentation de leurs livres, ainsi que croiser les informations avec les diff\u00e9rents contacts des \u00e9diteurs.<\/p>\n<h4>INFOS<\/h4>\n<p>Le premier des salons <g class=\"gr_ gr_31 gr-alert gr_gramm gr_inline_cards gr_disable_anim_appear Grammar multiReplace\" id=\"31\" data-gr-id=\"31\">has<\/g> existe depuis plus de 10 ans. Ces 5 derni\u00e8res ann\u00e9es, 3 autres salons, sur diff\u00e9rents th\u00e8mes, ont \u00e9t\u00e9 mis en place par l'agence.<\/p>\n<p>&nbsp;<\/p>\n<p>&nbsp;<\/p>\n<p>&nbsp;<\/p>\n<p>[\/et_pb_text][\/et_pb_column][\/et_pb_row][\/et_pb_section]<\/p>","protected":false},"excerpt":{"rendered":"<p>PRESENTATION I worked for 5 years as project manager for this communication agency. So I&#8217;m talking about only one project in particular: the organization of several book fairs. MY ROLE Realization of a CRM file (Filemaker) to manage the invitations of the authors for the different shows, but also the presentation of their books, as [&hellip;]<\/p>","protected":false},"author":1,"featured_media":0,"parent":0,"menu_order":0,"comment_status":"closed","ping_status":"closed","template":"","meta":{"_et_pb_use_builder":"on","_et_pb_old_content":"","_et_gb_content_width":""},"_links":{"self":[{"href":"http:\/\/vallancon.com\/fr\/wp-json\/wp\/v2\/pages\/400"}],"collection":[{"href":"http:\/\/vallancon.com\/fr\/wp-json\/wp\/v2\/pages"}],"about":[{"href":"http:\/\/vallancon.com\/fr\/wp-json\/wp\/v2\/types\/page"}],"author":[{"embeddable":true,"href":"http:\/\/vallancon.com\/fr\/wp-json\/wp\/v2\/users\/1"}],"replies":[{"embeddable":true,"href":"http:\/\/vallancon.com\/fr\/wp-json\/wp\/v2\/comments?post=400"}],"version-history":[{"count":8,"href":"http:\/\/vallancon.com\/fr\/wp-json\/wp\/v2\/pages\/400\/revisions"}],"predecessor-version":[{"id":600,"href":"http:\/\/vallancon.com\/fr\/wp-json\/wp\/v2\/pages\/400\/revisions\/600"}],"wp:attachment":[{"href":"http:\/\/vallancon.com\/fr\/wp-json\/wp\/v2\/media?parent=400"}],"curies":[{"name":"wp","href":"https:\/\/api.w.org\/{rel}","templated":true}]}}