{"id":574,"date":"2018-06-27T23:29:17","date_gmt":"2018-06-27T23:29:17","guid":{"rendered":"http:\/\/vallancon.com\/?page_id=574"},"modified":"2018-06-30T02:17:37","modified_gmt":"2018-06-30T02:17:37","slug":"popup","status":"publish","type":"page","link":"http:\/\/vallancon.com\/fr\/popup\/","title":{"rendered":"Popup"},"content":{"rendered":"<p>[et_pb_section fb_built=&#8221;1&#8243; fullwidth=&#8221;on&#8221; _builder_version=&#8221;3.6&#8243; background_color=&#8221;rgba(224,43,32,0)&#8221; background_color_gradient_direction=&#8221;330deg&#8221;][et_pb_fullwidth_header title=&#8221;Original invitations&#8221; subhead=&#8221;Conception and realization of some originals invitation&#8221; _builder_version=&#8221;3.6&#8243; background_color=&#8221;rgba(224,43,32,0.8)&#8221; background_size=&#8221;initial&#8221; background_position=&#8221;top_left&#8221; background_repeat=&#8221;repeat&#8221; max_width_tablet=&#8221;50px&#8221; custom_margin=&#8221;-30px||-30px|&#8221; custom_margin_last_edited=&#8221;on|desktop&#8221;][\/et_pb_fullwidth_header][\/et_pb_section][et_pb_section fb_built=&#8221;1&#8243; _builder_version=&#8221;3.0.47&#8243;][et_pb_row _builder_version=&#8221;3.0.48&#8243; background_size=&#8221;initial&#8221; background_position=&#8221;top_left&#8221; background_repeat=&#8221;repeat&#8221;][et_pb_column type=&#8221;4_4&#8243; _builder_version=&#8221;3.0.47&#8243; parallax=&#8221;off&#8221; parallax_method=&#8221;on&#8221;][et_pb_gallery gallery_ids=&#8221;580&#8243; fullwidth=&#8221;on&#8221; hover_icon=&#8221;%%51%%&#8221; _builder_version=&#8221;3.6&#8243; auto=&#8221;on&#8221;][\/et_pb_gallery][\/et_pb_column][\/et_pb_row][et_pb_row _builder_version=&#8221;3.6&#8243; module_alignment=&#8221;center&#8221;][et_pb_column type=&#8221;1_3&#8243; _builder_version=&#8221;3.0.47&#8243; parallax=&#8221;off&#8221; parallax_method=&#8221;on&#8221;][et_pb_image src=&#8221;http:\/\/vallancon.com\/wp-content\/uploads\/2018\/06\/PoPup_Rouge.png&#8221; show_bottom_space=&#8221;off&#8221; force_fullwidth=&#8221;on&#8221; _builder_version=&#8221;3.6&#8243; animation_style=&#8221;fade&#8221;][\/et_pb_image][\/et_pb_column][et_pb_column type=&#8221;2_3&#8243; _builder_version=&#8221;3.0.47&#8243; parallax=&#8221;off&#8221; parallax_method=&#8221;on&#8221;][et_pb_text _builder_version=&#8221;3.6&#8243;]<\/p>\n<h4>PRESENTATION<\/h4>\n<p>J'ai re\u00e7u plusieurs demandes de r\u00e9alisation d'invitations originales pour des soir\u00e9es parisiennes chics. Voici l'une d'entre elle.<\/p>\n<h4>MON R\u00d4LE<\/h4>\n<p>Accompagner mes clients dans la r\u00e9alisation de ces invitations. Choix d'un th\u00e8me, propositions graphiques originals, gestion de l'impression et exp\u00e9dition des invitations.<\/p>\n<h4>INFOS<\/h4>\n<p>Ce sont des soir\u00e9es sont tr\u00e8s codifi\u00e9es.<\/p>\n<p>&nbsp;<\/p>\n<p>[\/et_pb_text][\/et_pb_column][\/et_pb_row][\/et_pb_section]<\/p>","protected":false},"excerpt":{"rendered":"<p>PRESENTATION I received several requests for the realization of original invitations for chic Parisian evenings. Here is one of them. MY ROLE Accompany my clients in the realization of these invitations. Choice of a theme, original graphics proposals, print management and shipping invitations. INFOS These are parties are very codified.. &nbsp;<\/p>","protected":false},"author":1,"featured_media":0,"parent":0,"menu_order":0,"comment_status":"closed","ping_status":"closed","template":"","meta":{"_et_pb_use_builder":"on","_et_pb_old_content":"","_et_gb_content_width":""},"_links":{"self":[{"href":"http:\/\/vallancon.com\/fr\/wp-json\/wp\/v2\/pages\/574"}],"collection":[{"href":"http:\/\/vallancon.com\/fr\/wp-json\/wp\/v2\/pages"}],"about":[{"href":"http:\/\/vallancon.com\/fr\/wp-json\/wp\/v2\/types\/page"}],"author":[{"embeddable":true,"href":"http:\/\/vallancon.com\/fr\/wp-json\/wp\/v2\/users\/1"}],"replies":[{"embeddable":true,"href":"http:\/\/vallancon.com\/fr\/wp-json\/wp\/v2\/comments?post=574"}],"version-history":[{"count":4,"href":"http:\/\/vallancon.com\/fr\/wp-json\/wp\/v2\/pages\/574\/revisions"}],"predecessor-version":[{"id":598,"href":"http:\/\/vallancon.com\/fr\/wp-json\/wp\/v2\/pages\/574\/revisions\/598"}],"wp:attachment":[{"href":"http:\/\/vallancon.com\/fr\/wp-json\/wp\/v2\/media?parent=574"}],"curies":[{"name":"wp","href":"https:\/\/api.w.org\/{rel}","templated":true}]}}