{"id":64,"date":"2018-06-11T21:27:53","date_gmt":"2018-06-11T21:27:53","guid":{"rendered":"http:\/\/vallancon.com\/?page_id=64"},"modified":"2020-07-27T23:35:00","modified_gmt":"2020-07-27T23:35:00","slug":"accueil","status":"publish","type":"page","link":"http:\/\/vallancon.com\/fr\/","title":{"rendered":"Home page"},"content":{"rendered":"<p>[et_pb_section bb_built=&#8221;1&#8243; _builder_version=&#8221;3.9&#8243; background_image=&#8221;http:\/\/vallancon.com\/wp-content\/uploads\/2020\/07\/Gregoire-SFEF-Cadre-2.jpg&#8221; parallax=&#8221;on&#8221; border_color_all=&#8221;#6a6e55&#8243; border_width_top=&#8221;7px&#8221; custom_padding=&#8221;0|0px|70px|0|false|false&#8221; top_divider_style=&#8221;waves2&#8243; top_divider_color=&#8221;#6a6e55&#8243; animation_style=&#8221;fade&#8221; next_background_color=&#8221;#ffffff&#8221;][et_pb_row custom_padding=&#8221;110px|2px|7px|392px|false|false&#8221; _builder_version=&#8221;3.6&#8243;][et_pb_column type=&#8221;1_2&#8243;][et_pb_blurb title=&#8221;Groupe Alain Crenn (Early)&#8221; image=&#8221;http:\/\/vallancon.com\/wp-content\/uploads\/2020\/07\/HP_GroupeAlainCrenn_b.png&#8221; image_max_width=&#8221;85%&#8221; _builder_version=&#8221;3.9&#8243; border_color_all_image=&#8221;rgba(0,0,0,0)&#8221; custom_margin=&#8221;|10px||&#8221; custom_padding=&#8221;|10px||&#8221;]<\/p>\n<p>I guided efforts to oversee all areas covering internal and external communications. I fostered a workplace culture that drove staff to excel by effectively influencing key stakeholders and motivating team members. I also built productive relationships with C-level executives and the media to demonstrate investment and economic and social impact.<\/p>\n<p>[\/et_pb_blurb][\/et_pb_column][et_pb_column type=&#8221;1_2&#8243;][et_pb_blurb title=&#8221;Artea Communication&#8221; image=&#8221;http:\/\/vallancon.com\/wp-content\/uploads\/2020\/07\/Artea_Couleurs.png&#8221; image_max_width=&#8221;85%&#8221; _builder_version=&#8221;3.9&#8243; custom_margin=&#8221;80px|25px|0px|-5px&#8221;]<\/p>\n<p>I managed the coordination of corporate affairs across large-scale events, media, public outlets, and internal communications. It was my job to forge productive relationships with senior administrators, department heads, and the media to provide timely and effective communications. I also guided efforts covering strategic media planning, press outreach, campaign events, and all written and multimedia communication pieces.<\/p>\n<p>[\/et_pb_blurb][\/et_pb_column][\/et_pb_row][et_pb_row custom_padding=&#8221;0|0|19px|497px|false|false&#8221; _builder_version=&#8221;3.6&#8243;][et_pb_column type=&#8221;4_4&#8243;][et_pb_testimonial portrait_url=&#8221;http:\/\/vallancon.com\/wp-content\/uploads\/2020\/07\/ChauffeurP_Logo_Bleu_En-Blanc.png&#8221; quote_icon=&#8221;off&#8221; quote_icon_color=&#8221;#e02b20&#8243; quote_icon_background_color=&#8221;#ffffff&#8221; portrait_width=&#8221;90px&#8221; _builder_version=&#8221;3.9&#8243; use_background_color=&#8221;off&#8221; border_style_all_portrait=&#8221;none&#8221; max_width=&#8221;90%&#8221;]<\/p>\n<h4 class=\"et_pb_module_header et-fb-editable-element et-fb-editable-element et-fb-editable-element__editing\" contenteditable=\"true\" data-shortcode-id=\"0.0.1.0-1595611672355\" data-quickaccess-id=\"header\">French Tour Guide in San Francisco<\/h4>\n<p class=\"widget-title\">Make your travel easier!\u00a0As a French citizen living in the Bay Area,\u00a0I help you enjoy your stay in the San Francisco area. Driving or walking to the most famous or typical places around (Golden Gate Bridge, &#8220;Little French&#8221;, Mission District, &#8220;Little Italia&#8221;&#8230;)<\/p>\n<p>[\/et_pb_testimonial][\/et_pb_column][\/et_pb_row][\/et_pb_section][et_pb_section bb_built=&#8221;1&#8243; _builder_version=&#8221;3.6&#8243; custom_padding=&#8221;24px|0px|50px|0px|false|false&#8221; prev_background_color=&#8221;#000000&#8243; next_background_color=&#8221;#000000&#8243;][et_pb_row custom_padding=&#8221;25.578125px|0px|25.578125px|28px|false|false&#8221; _builder_version=&#8221;3.6&#8243;][et_pb_column type=&#8221;4_4&#8243;][et_pb_text _builder_version=&#8221;3.6&#8243; text_text_color=&#8221;#e02b20&#8243; custom_padding=&#8221;|30px||&#8221;]<\/p>\n<h1><strong><span style=\"color: #e02b20;\">S\u00e9lection de quelques projets r\u00e9alis\u00e9s<\/span><\/strong><\/h1>\n<p>[\/et_pb_text][\/et_pb_column][\/et_pb_row][et_pb_row custom_width_px=&#8221;1247px&#8221; use_custom_gutter=&#8221;on&#8221; gutter_width=&#8221;1&#8243; custom_padding=&#8221;0|0px|0|0px|false|false&#8221; _builder_version=&#8221;3.6&#8243; module_alignment=&#8221;center&#8221;][et_pb_column type=&#8221;1_4&#8243;][et_pb_image src=&#8221;http:\/\/vallancon.com\/wp-content\/uploads\/2020\/07\/LogoSamanahCC_Blanc.png&#8221; url=&#8221;http:\/\/vallancon.com\/samanah-country-club\/&#8221; use_overlay=&#8221;on&#8221; overlay_icon_color=&#8221;rgba(224,43,32,0.8)&#8221; hover_overlay_color=&#8221;rgba(255,255,255,0.55)&#8221; _builder_version=&#8221;3.9&#8243; background_color=&#8221;#6a6e55&#8243; border_width_all=&#8221;25&#8243; border_color_all=&#8221;#ffffff&#8221; animation_style=&#8221;slide&#8221; animation_direction=&#8221;left&#8221;]<\/p>\n<p style=\"text-align: center;\">[\/et_pb_image][\/et_pb_column][et_pb_column type=&#8221;1_4&#8243;][et_pb_image src=&#8221;http:\/\/vallancon.com\/wp-content\/uploads\/2020\/07\/PLM_logo.png&#8221; url=&#8221;http:\/\/vallancon.com\/plm-catalogue\/&#8221; use_overlay=&#8221;on&#8221; overlay_icon_color=&#8221;rgba(224,43,32,0.8)&#8221; hover_overlay_color=&#8221;rgba(255,255,255,0.55)&#8221; _builder_version=&#8221;3.9&#8243; border_width_all=&#8221;25&#8243; border_color_all=&#8221;#ffffff&#8221; animation_style=&#8221;fade&#8221;]<\/p>\n<p style=\"text-align: center;\">[\/et_pb_image][\/et_pb_column][et_pb_column type=&#8221;1_4&#8243;][et_pb_image src=&#8221;http:\/\/vallancon.com\/wp-content\/uploads\/2020\/07\/Universwiftnet.png&#8221; url=&#8221;http:\/\/vallancon.com\/universwiftnet\/&#8221; use_overlay=&#8221;on&#8221; overlay_icon_color=&#8221;rgba(224,43,32,0.8)&#8221; hover_overlay_color=&#8221;rgba(255,255,255,0.55)&#8221; _builder_version=&#8221;3.9&#8243; border_width_all=&#8221;25&#8243; border_color_all=&#8221;#ffffff&#8221; animation_style=&#8221;fade&#8221;]<\/p>\n<p style=\"text-align: center;\">[\/et_pb_image][\/et_pb_column][et_pb_column type=&#8221;1_4&#8243;][et_pb_image src=&#8221;http:\/\/vallancon.com\/wp-content\/uploads\/2020\/07\/logo-archoffice.png&#8221; url=&#8221;http:\/\/vallancon.com\/archoffice\/&#8221; use_overlay=&#8221;on&#8221; overlay_icon_color=&#8221;rgba(224,43,32,0.8)&#8221; hover_overlay_color=&#8221;rgba(255,255,255,0.55)&#8221; _builder_version=&#8221;3.9&#8243; border_width_all=&#8221;25&#8243; border_color_all=&#8221;#ffffff&#8221; animation_style=&#8221;slide&#8221; animation_direction=&#8221;right&#8221;]<\/p>\n<p style=\"text-align: center;\">[\/et_pb_image][\/et_pb_column][\/et_pb_row][et_pb_row custom_width_px=&#8221;1247px&#8221; use_custom_gutter=&#8221;on&#8221; gutter_width=&#8221;1&#8243; custom_padding=&#8221;0|0px|0|0px|false|false&#8221; _builder_version=&#8221;3.6&#8243; module_alignment=&#8221;center&#8221;][et_pb_column type=&#8221;1_4&#8243;][et_pb_image src=&#8221;http:\/\/vallancon.com\/wp-content\/uploads\/2020\/07\/LOGO_AED_2016.png&#8221; url=&#8221;http:\/\/vallancon.com\/aed-free-palm\/&#8221; use_overlay=&#8221;on&#8221; overlay_icon_color=&#8221;rgba(224,43,32,0.8)&#8221; hover_overlay_color=&#8221;rgba(255,255,255,0.55)&#8221; _builder_version=&#8221;3.9&#8243; border_width_all=&#8221;25&#8243; border_color_all=&#8221;#ffffff&#8221; animation_style=&#8221;slide&#8221; animation_direction=&#8221;left&#8221;]<\/p>\n<p style=\"text-align: center;\">[\/et_pb_image][\/et_pb_column][et_pb_column type=&#8221;1_2&#8243;][et_pb_testimonial quote_icon_color=&#8221;#e02b20&#8243; quote_icon_background_color=&#8221;#ffffff&#8221; _builder_version=&#8221;3.9&#8243; body_font=&#8221;|600|||||||&#8221; background_color=&#8221;#ffffff&#8221; custom_margin=&#8221;0px|0px|0px|0px&#8221; custom_padding=&#8221;24px|20px|0px|20px&#8221;]<\/p>\n<p style=\"text-align: justify;\">Apr\u00e8s avoir \u00e9tudi\u00e9 le Design Industriel, j'ai travaill\u00e9 plus de 6 ans dans le d\u00e9partement \"Communication\" du Groupe Alain Crenn (Aujourd'hui\u00a0<a href=\"http:\/\/www.histoire-patrimoine.fr\">Histoire &amp; Patrimoine<\/a>).<\/p>\n<p style=\"text-align: justify;\">Puis, j'ai rejoint <a href=\"http:\/\/www.artea-france.com\">ARTEA Communication<\/a>, une agence de communication pluridisciplinaire. J'y suis rest\u00e9 presque 5 ans comme directeur de projets mais aussi comme graphiste.<\/p>\n<p style=\"text-align: justify;\">Since the end of 2015, I work as a freelance graphic designer or event organizer<\/p>\n<p style=\"text-align: center;\">[\/et_pb_testimonial][\/et_pb_column][et_pb_column type=&#8221;1_4&#8243;][et_pb_image src=&#8221;http:\/\/vallancon.com\/wp-content\/uploads\/2020\/07\/SalonsDuLivre2.png&#8221; url=&#8221;http:\/\/vallancon.com\/artea-communication\/&#8221; use_overlay=&#8221;on&#8221; overlay_icon_color=&#8221;rgba(224,43,32,0.8)&#8221; hover_overlay_color=&#8221;rgba(255,255,255,0.55)&#8221; _builder_version=&#8221;3.9&#8243; border_width_all=&#8221;25&#8243; border_color_all=&#8221;#ffffff&#8221; animation_style=&#8221;slide&#8221; animation_direction=&#8221;right&#8221;]<\/p>\n<p style=\"text-align: center;\">[\/et_pb_image][\/et_pb_column][\/et_pb_row][et_pb_row use_custom_gutter=&#8221;on&#8221; gutter_width=&#8221;1&#8243; custom_padding=&#8221;0|0px|0|0px|false|false&#8221; make_equal=&#8221;on&#8221; _builder_version=&#8221;3.6&#8243; module_alignment=&#8221;center&#8221;][et_pb_column type=&#8221;1_4&#8243;][et_pb_image src=&#8221;http:\/\/vallancon.com\/wp-content\/uploads\/2020\/07\/Cocci_Logo1.png&#8221; url=&#8221;http:\/\/vallancon.com\/Cocci\/&#8221; use_overlay=&#8221;on&#8221; overlay_icon_color=&#8221;rgba(224,43,32,0.8)&#8221; hover_overlay_color=&#8221;rgba(255,255,255,0.55)&#8221; _builder_version=&#8221;3.9&#8243; border_width_all=&#8221;25&#8243; border_color_all=&#8221;#ffffff&#8221; animation_style=&#8221;slide&#8221; animation_direction=&#8221;left&#8221;]<\/p>\n<p style=\"text-align: center;\">[\/et_pb_image][\/et_pb_column][et_pb_column type=&#8221;1_4&#8243;][et_pb_image src=&#8221;http:\/\/vallancon.com\/wp-content\/uploads\/2020\/07\/logo-pernod-ricard_R.png&#8221; url=&#8221;http:\/\/vallancon.com\/Pernod-Ricard\/&#8221; use_overlay=&#8221;on&#8221; overlay_icon_color=&#8221;rgba(224,43,32,0.8)&#8221; hover_overlay_color=&#8221;rgba(255,255,255,0.55)&#8221; _builder_version=&#8221;3.9&#8243; border_width_all=&#8221;25&#8243; border_color_all=&#8221;#ffffff&#8221; animation_style=&#8221;fade&#8221;]<\/p>\n<p style=\"text-align: center;\">[\/et_pb_image][\/et_pb_column][et_pb_column type=&#8221;1_4&#8243;][et_pb_image src=&#8221;http:\/\/vallancon.com\/wp-content\/uploads\/2020\/07\/PopUp.png&#8221; url=&#8221;http:\/\/vallancon.com\/popup\/&#8221; use_overlay=&#8221;on&#8221; overlay_icon_color=&#8221;rgba(224,43,32,0.8)&#8221; hover_overlay_color=&#8221;rgba(255,255,255,0.55)&#8221; _builder_version=&#8221;3.9&#8243; border_width_all=&#8221;25&#8243; border_color_all=&#8221;#ffffff&#8221; animation_style=&#8221;fade&#8221;]<\/p>\n<p style=\"text-align: center;\">[\/et_pb_image][\/et_pb_column][et_pb_column type=&#8221;1_4&#8243;][et_pb_image src=&#8221;http:\/\/vallancon.com\/wp-content\/uploads\/2020\/07\/Varaut-Logo.png&#8221; url=&#8221;http:\/\/vallancon.com\/varaut\/&#8221; use_overlay=&#8221;on&#8221; overlay_icon_color=&#8221;rgba(224,43,32,0.8)&#8221; hover_overlay_color=&#8221;rgba(255,255,255,0.55)&#8221; _builder_version=&#8221;3.9&#8243; border_width_all=&#8221;25&#8243; border_color_all=&#8221;#ffffff&#8221; animation_style=&#8221;slide&#8221; animation_direction=&#8221;right&#8221;]<\/p>\n<p style=\"text-align: center;\">[\/et_pb_image][\/et_pb_column][\/et_pb_row][\/et_pb_section][et_pb_section bb_built=&#8221;1&#8243; admin_label=&#8221;Skills&#8221; _builder_version=&#8221;3.9&#8243; custom_padding=&#8221;49.078125px|0px|0|0px|false|false&#8221; prev_background_color=&#8221;#000000&#8243; next_background_color=&#8221;#000000&#8243;][et_pb_row _builder_version=&#8221;3.6&#8243;][et_pb_column type=&#8221;4_4&#8243;][et_pb_divider height=&#8221;5&#8243; _builder_version=&#8221;3.6&#8243; background_color=&#8221;#e02b20&#8243; animation_style=&#8221;fade&#8221;]<\/p>\n<p style=\"text-align: center;\">[\/et_pb_divider][et_pb_text _builder_version=&#8221;3.9&#8243;]<\/p>\n<h1 style=\"text-align: left;\">SKILLS &amp; ABILITIES<\/h1>\n<p style=\"text-align: center;\">[\/et_pb_text][\/et_pb_column][\/et_pb_row][et_pb_row _builder_version=&#8221;3.6&#8243;][et_pb_column type=&#8221;1_2&#8243;][et_pb_image src=&#8221;http:\/\/vallancon.com\/wp-content\/uploads\/2020\/07\/ChefdOrchestre_c.jpg&#8221; _builder_version=&#8221;3.9&#8243;]<br \/>\n[\/et_pb_image][\/et_pb_column][et_pb_column type=&#8221;1_2&#8243;][et_pb_accordion open_toggle_text_color=&#8221;#e02b20&#8243; open_toggle_background_color=&#8221;rgba(106,110,85,0.6)&#8221; closed_toggle_text_color=&#8221;#ffffff&#8221; closed_toggle_background_color=&#8221;#6a6e55&#8243; icon_color=&#8221;#000000&#8243; _builder_version=&#8221;3.9&#8243; body_font=&#8221;||||||||&#8221; body_text_color=&#8221;rgba(0,0,0,0.6)&#8221; toggle_font=&#8221;|600|||||||&#8221; toggle_text_align=&#8221;left&#8221; toggle_text_color=&#8221;#6a6e55&#8243; toggle_font_size=&#8221;16px&#8221; animation_style=&#8221;fade&#8221;][et_pb_accordion_item title=&#8221;FULL SPECTRUM GRAPHIC DESIGN (DIGITAL AND PRINT)&#8221; open=&#8221;on&#8221; _builder_version=&#8221;3.6&#8243; title_text_shadow_horizontal_length=&#8221;0em&#8221; title_text_shadow_vertical_length=&#8221;0em&#8221; title_text_shadow_blur_strength=&#8221;0em&#8221; body_text_shadow_horizontal_length=&#8221;0em&#8221; body_text_shadow_vertical_length=&#8221;0em&#8221; body_text_shadow_blur_strength=&#8221;0em&#8221;]Designed and realized company websites, Apps, and CRM. Packaging, booklets, flyers, posters, stands and descriptive marketing gifts. Created full-scope brand marketing (name, logo, environment) for overseas companies, associations and real estate projects in Morrocco and France.<\/p>\n<p style=\"text-align: center;\">[\/et_pb_accordion_item][et_pb_accordion_item title=&#8221;PROMOTIONAL MARKETING&#8221; open=&#8221;off&#8221; _builder_version=&#8221;3.6&#8243; title_text_shadow_horizontal_length=&#8221;0em&#8221; title_text_shadow_vertical_length=&#8221;0em&#8221; title_text_shadow_blur_strength=&#8221;0em&#8221; body_text_shadow_horizontal_length=&#8221;0em&#8221; body_text_shadow_vertical_length=&#8221;0em&#8221; body_text_shadow_blur_strength=&#8221;0em&#8221;]Executed media plans and strategies of promotional information and materials for local and international press, and various industry magazines. Cultivated and nurtured a rich public relations community: development of contacts, effectively relayed information to target market, and evaluated and analyzed impact of press campaign.<br \/>\n[\/et_pb_accordion_item][et_pb_accordion_item title=&#8221;OPERATIONAL MARKETING&#8221; open=&#8221;off&#8221; _builder_version=&#8221;3.6&#8243; title_text_shadow_horizontal_length=&#8221;0em&#8221; title_text_shadow_vertical_length=&#8221;0em&#8221; title_text_shadow_blur_strength=&#8221;0em&#8221; body_text_shadow_horizontal_length=&#8221;0em&#8221; body_text_shadow_vertical_length=&#8221;0em&#8221; body_text_shadow_blur_strength=&#8221;0em&#8221;]Assisted sales department by creating effective tools : data sheets, booklets, packaging, dedicated websites, point of sales advertising and merchandise staging : designed store environment and specific product displays.<\/p>\n<p>Mise en place et animation d'un \u00ab Club Partenaires \u00bb de 50 membres VIP.<span class=\"Apple-converted-space\">\u00a0 <\/span>Rewards<span class=\"Apple-converted-space\">\u00a0 <\/span>Adh\u00e9sion au club :<\/p>\n<p>Analyser les objectifs d'adh\u00e9sion potentiels et d\u00e9velopper des incitations de ventes par des cadeaux, des voyages et des privil\u00e8ges.<\/p>\n<p style=\"text-align: center;\">[\/et_pb_accordion_item][et_pb_accordion_item title=&#8221;EVENT-DRIVEN MARKETING&#8221; open=&#8221;off&#8221; _builder_version=&#8221;3.6&#8243; title_text_shadow_horizontal_length=&#8221;0em&#8221; title_text_shadow_vertical_length=&#8221;0em&#8221; title_text_shadow_blur_strength=&#8221;0em&#8221; body_text_shadow_horizontal_length=&#8221;0em&#8221; body_text_shadow_vertical_length=&#8221;0em&#8221; body_text_shadow_blur_strength=&#8221;0em&#8221;]Event coordinator and promoter for : annual weekend historian literary event at Versailles; roman and actuallity literary event at Evreux; essayists and novelists event at Noisy-le-Roi.<\/p>\n<p>Cr\u00e9er du lien entre les communaut\u00e9s locales et les nouveaux investisseurs immobiliers (r\u00e9novations historiques) en tenant les r\u00e9sidents locaux<span class=\"Apple-converted-space\">\u00a0 <\/span>au courant des projets des promoteurs et<span class=\"Apple-converted-space\">\u00a0 <\/span>des progr\u00e8s r\u00e9alis\u00e9s au moyen de la presse, de l'assistance t\u00e9l\u00e9phonique, des activit\u00e9s sociales locales et des journ\u00e9es portes ouvertes.<\/p>\n<p style=\"text-align: center;\">[\/et_pb_accordion_item][\/et_pb_accordion][\/et_pb_column][\/et_pb_row][\/et_pb_section][et_pb_section bb_built=&#8221;1&#8243; admin_label=&#8221;Technical Proficiences &#8221; _builder_version=&#8221;3.9&#8243; prev_background_color=&#8221;#000000&#8243; next_background_color=&#8221;#000000&#8243;][et_pb_row _builder_version=&#8221;3.9&#8243;][et_pb_column type=&#8221;4_4&#8243;][et_pb_divider height=&#8221;5&#8243; _builder_version=&#8221;3.9&#8243; background_color=&#8221;#e02b20&#8243; animation_style=&#8221;fade&#8221;]<\/p>\n<p style=\"text-align: center;\">[\/et_pb_divider][et_pb_text _builder_version=&#8221;3.9&#8243;]<\/p>\n<h1 style=\"text-align: left;\">TECHNICAL PROFICIENCES<\/h1>\n<p style=\"text-align: center;\">[\/et_pb_text][\/et_pb_column][\/et_pb_row][et_pb_row _builder_version=&#8221;3.9&#8243;][et_pb_column type=&#8221;1_3&#8243;][et_pb_text _builder_version=&#8221;3.9&#8243;]<\/p>\n<h2><strong>Print<\/strong><\/h2>\n<p style=\"text-align: center;\">[\/et_pb_text][et_pb_counters bar_bg_color=&#8221;#6A6E55&#8243; _builder_version=&#8221;3.9&#8243; animation_style=&#8221;slide&#8221; animation_direction=&#8221;left&#8221; title_font=&#8221;||||||||&#8221; title_font_size=&#8221;16px&#8221; percent_font=&#8221;||||||||&#8221; percent_text_color=&#8221;#f2993a&#8221;][et_pb_counter percent=&#8221;95&#8243; _builder_version=&#8221;3.9&#8243; background_color_default=&#8221;#dddddd&#8221; parallax_default=&#8221;off&#8221; parallax_method_default=&#8221;on&#8221; bar_background_color_default=&#8221;#6A6E55&#8243; use_percentages=&#8221;on&#8221; allow_player_pause_default=&#8221;off&#8221; bar_background_color=&#8221;#6a6e55&#8243; title_font=&#8221;||||||||&#8221; title_text_color=&#8221;#000000&#8243; percent_font=&#8221;||||||||&#8221; percent_text_color=&#8221;#ffffff&#8221;]<\/p>\n<p>Adobe Photoshop<\/p>\n<p style=\"text-align: center;\">[\/et_pb_counter][et_pb_counter percent=&#8221;95&#8243; _builder_version=&#8221;3.9&#8243; background_color_default=&#8221;#dddddd&#8221; parallax_default=&#8221;off&#8221; parallax_method_default=&#8221;on&#8221; bar_background_color_default=&#8221;#6A6E55&#8243; use_percentages=&#8221;on&#8221; allow_player_pause_default=&#8221;off&#8221; title_font=&#8221;||||||||&#8221; title_text_color=&#8221;#000000&#8243; percent_font=&#8221;||||||||&#8221; percent_text_color=&#8221;#ffffff&#8221;]<\/p>\n<p>Adobe Illustrator<\/p>\n<p style=\"text-align: center;\">[\/et_pb_counter][et_pb_counter percent=&#8221;90&#8243; _builder_version=&#8221;3.9&#8243; background_color_default=&#8221;#dddddd&#8221; parallax_default=&#8221;off&#8221; parallax_method_default=&#8221;on&#8221; bar_background_color_default=&#8221;#6A6E55&#8243; use_percentages=&#8221;on&#8221; allow_player_pause_default=&#8221;off&#8221; percent_font=&#8221;||||||||&#8221; percent_text_color=&#8221;#ffffff&#8221; title_font=&#8221;||||||||&#8221; title_text_color=&#8221;#000000&#8243;]<\/p>\n<p>Adobe InDesign<\/p>\n<p style=\"text-align: center;\">[\/et_pb_counter][\/et_pb_counters][\/et_pb_column][et_pb_column type=&#8221;1_3&#8243;][et_pb_text _builder_version=&#8221;3.9&#8243;]<\/p>\n<h2><strong>Web<\/strong><\/h2>\n<p style=\"text-align: center;\">[\/et_pb_text][et_pb_counters animation_style=&#8221;slide&#8221; animation_direction=&#8221;left&#8221; _builder_version=&#8221;3.9&#8243; title_font=&#8221;||||||||&#8221; title_text_color=&#8221;#000000&#8243; title_font_size=&#8221;16px&#8221;][et_pb_counter percent=&#8221;70&#8243; _builder_version=&#8221;3.9&#8243; background_color_default=&#8221;#dddddd&#8221; parallax_default=&#8221;off&#8221; parallax_method_default=&#8221;on&#8221; bar_background_color_default=&#8221;rgba(255,255,255,0.48)&#8221; use_percentages=&#8221;on&#8221; allow_player_pause_default=&#8221;off&#8221; bar_background_color=&#8221;#6a6e55&#8243;]<\/p>\n<p>WordPress<\/p>\n<p style=\"text-align: center;\">[\/et_pb_counter][et_pb_counter percent=&#8221;80&#8243; _builder_version=&#8221;3.9&#8243; background_color_default=&#8221;#dddddd&#8221; parallax_default=&#8221;off&#8221; parallax_method_default=&#8221;on&#8221; bar_background_color_default=&#8221;rgba(255,255,255,0.48)&#8221; use_percentages=&#8221;on&#8221; allow_player_pause_default=&#8221;off&#8221; bar_background_color=&#8221;#6a6e55&#8243;]<\/p>\n<p>Squarespace<\/p>\n<p style=\"text-align: center;\">[\/et_pb_counter][et_pb_counter percent=&#8221;75&#8243; _builder_version=&#8221;3.9&#8243; background_color_default=&#8221;#dddddd&#8221; parallax_default=&#8221;off&#8221; parallax_method_default=&#8221;on&#8221; bar_background_color_default=&#8221;rgba(255,255,255,0.48)&#8221; use_percentages=&#8221;on&#8221; allow_player_pause_default=&#8221;off&#8221; bar_background_color=&#8221;#6a6e55&#8243;]<\/p>\n<p>WebFlow<\/p>\n<p style=\"text-align: center;\">[\/et_pb_counter][et_pb_counter percent=&#8221;70&#8243; _builder_version=&#8221;3.9&#8243; background_color_default=&#8221;#dddddd&#8221; parallax_default=&#8221;off&#8221; parallax_method_default=&#8221;on&#8221; bar_background_color_default=&#8221;rgba(255,255,255,0.48)&#8221; use_percentages=&#8221;on&#8221; allow_player_pause_default=&#8221;off&#8221; bar_background_color=&#8221;#6a6e55&#8243;]<\/p>\n<p>Adobe After Effects<\/p>\n<p style=\"text-align: center;\">[\/et_pb_counter][\/et_pb_counters][\/et_pb_column][et_pb_column type=&#8221;1_3&#8243;][et_pb_text _builder_version=&#8221;3.9&#8243;]<\/p>\n<h2><strong>Event<\/strong><\/h2>\n<p style=\"text-align: center;\">[\/et_pb_text][et_pb_counters animation_style=&#8221;slide&#8221; animation_direction=&#8221;left&#8221; _builder_version=&#8221;3.9&#8243; title_text_color=&#8221;#000000&#8243; title_font_size=&#8221;16px&#8221;][et_pb_counter percent=&#8221;85&#8243; _builder_version=&#8221;3.9&#8243; background_color_default=&#8221;#dddddd&#8221; parallax_default=&#8221;off&#8221; parallax_method_default=&#8221;on&#8221; bar_background_color_default=&#8221;rgba(255,255,255,0.48)&#8221; use_percentages=&#8221;on&#8221; allow_player_pause_default=&#8221;off&#8221; bar_background_color=&#8221;#6a6e55&#8243;]<\/p>\n<p>Microsoft Office<\/p>\n<p style=\"text-align: center;\">[\/et_pb_counter][et_pb_counter percent=&#8221;70&#8243; _builder_version=&#8221;3.9&#8243; background_color_default=&#8221;#dddddd&#8221; parallax_default=&#8221;off&#8221; parallax_method_default=&#8221;on&#8221; bar_background_color_default=&#8221;rgba(255,255,255,0.48)&#8221; use_percentages=&#8221;on&#8221; allow_player_pause_default=&#8221;off&#8221; bar_background_color=&#8221;#6a6e55&#8243;]<\/p>\n<p>FileMaker<\/p>\n<p style=\"text-align: center;\">[\/et_pb_counter][et_pb_counter percent=&#8221;90&#8243; _builder_version=&#8221;3.9&#8243; background_color_default=&#8221;#dddddd&#8221; parallax_default=&#8221;off&#8221; parallax_method_default=&#8221;on&#8221; bar_background_color_default=&#8221;rgba(255,255,255,0.48)&#8221; use_percentages=&#8221;on&#8221; allow_player_pause_default=&#8221;off&#8221; bar_background_color=&#8221;#6a6e55&#8243; use_background_color_gradient=&#8221;off&#8221; background_color_gradient_start=&#8221;#2b87da&#8221; background_color_gradient_end=&#8221;#29c4a9&#8243; background_color_gradient_type=&#8221;linear&#8221; background_color_gradient_direction=&#8221;180deg&#8221; background_color_gradient_direction_radial=&#8221;center&#8221; background_color_gradient_start_position=&#8221;0%&#8221; background_color_gradient_end_position=&#8221;100%&#8221; background_color_gradient_overlays_image=&#8221;off&#8221; parallax=&#8221;off&#8221; parallax_method=&#8221;on&#8221; background_size=&#8221;cover&#8221; background_position=&#8221;center&#8221; background_repeat=&#8221;no-repeat&#8221; background_blend=&#8221;normal&#8221; allow_player_pause=&#8221;off&#8221; background_video_pause_outside_viewport=&#8221;on&#8221; text_shadow_style=&#8221;none&#8221; title_text_shadow_style=&#8221;none&#8221; percent_text_shadow_style=&#8221;none&#8221; box_shadow_style=&#8221;none&#8221;]<\/p>\n<p>Keynote, Numbers, Pages<\/p>\n<p style=\"text-align: center;\">[\/et_pb_counter][et_pb_counter percent=&#8221;55&#8243; _builder_version=&#8221;3.9&#8243; background_color_default=&#8221;#dddddd&#8221; parallax_default=&#8221;off&#8221; parallax_method_default=&#8221;on&#8221; bar_background_color_default=&#8221;rgba(255,255,255,0.48)&#8221; use_percentages=&#8221;on&#8221; allow_player_pause_default=&#8221;off&#8221; bar_background_color=&#8221;#6a6e55&#8243;]<\/p>\n<p>Adobe Dimension<\/p>\n<p style=\"text-align: center;\">[\/et_pb_counter][\/et_pb_counters][\/et_pb_column][\/et_pb_row][\/et_pb_section][et_pb_section bb_built=&#8221;1&#8243; _builder_version=&#8221;3.9&#8243; custom_padding=&#8221;24px|0px|50px|0px|false|false&#8221; top_divider_arrangement=&#8221;above_content&#8221; prev_background_color=&#8221;#000000&#8243;][\/et_pb_section]<\/p>","protected":false},"excerpt":{"rendered":"<p>I guided efforts to oversee all areas covering internal and external communications. I fostered a workplace culture that drove staff to excel by effectively influencing key stakeholders and motivating team members. I also built productive relationships with C-level executives and the media to demonstrate investment and economic and social impact. I managed the coordination of [&hellip;]<\/p>","protected":false},"author":1,"featured_media":0,"parent":0,"menu_order":0,"comment_status":"closed","ping_status":"closed","template":"","meta":{"_et_pb_use_builder":"on","_et_pb_old_content":"","_et_gb_content_width":""},"_links":{"self":[{"href":"http:\/\/vallancon.com\/fr\/wp-json\/wp\/v2\/pages\/64"}],"collection":[{"href":"http:\/\/vallancon.com\/fr\/wp-json\/wp\/v2\/pages"}],"about":[{"href":"http:\/\/vallancon.com\/fr\/wp-json\/wp\/v2\/types\/page"}],"author":[{"embeddable":true,"href":"http:\/\/vallancon.com\/fr\/wp-json\/wp\/v2\/users\/1"}],"replies":[{"embeddable":true,"href":"http:\/\/vallancon.com\/fr\/wp-json\/wp\/v2\/comments?post=64"}],"version-history":[{"count":153,"href":"http:\/\/vallancon.com\/fr\/wp-json\/wp\/v2\/pages\/64\/revisions"}],"predecessor-version":[{"id":875,"href":"http:\/\/vallancon.com\/fr\/wp-json\/wp\/v2\/pages\/64\/revisions\/875"}],"wp:attachment":[{"href":"http:\/\/vallancon.com\/fr\/wp-json\/wp\/v2\/media?parent=64"}],"curies":[{"name":"wp","href":"https:\/\/api.w.org\/{rel}","templated":true}]}}